{"id":445,"date":"2026-04-07T15:58:18","date_gmt":"2026-04-07T13:58:18","guid":{"rendered":"https:\/\/lendas.pl\/?page_id=445"},"modified":"2026-04-08T15:59:05","modified_gmt":"2026-04-08T13:59:05","slug":"blokada","status":"publish","type":"page","link":"https:\/\/lendas.pl\/index.php\/blokada\/","title":{"rendered":"Blokada"},"content":{"rendered":"\n<p><br>Fina\u0142owy epizod eseju <strong>\u201eObcy wr\u00f3cili i\u2026\u201d<\/strong><br><br>Podsumowanie drugiej inspekcji Obcych. Epizod przybli\u017ca za\u0142o\u017cenie blokady na nasz Uk\u0142adu S\u0142oneczny. Sta\u0142o si\u0119 to skutkiem dzia\u0142ania Obcych. W Ich ocenie, najmniej drastycznego. Blokada to \u015brodek bezpiecze\u0144stwa chroni\u0105cy Obcych przed zagro\u017ceniem ze strony gatunku z Ziemi.<\/p>\n\n\n\n<figure class=\"wp-block-image aligncenter size-full is-resized\"><img loading=\"lazy\" decoding=\"async\" width=\"1024\" height=\"1536\" src=\"https:\/\/lendas.pl\/wp-content\/uploads\/2026\/04\/ruina-01.png\" alt=\"\" class=\"wp-image-547\" style=\"width:591px;height:auto\" srcset=\"https:\/\/lendas.pl\/wp-content\/uploads\/2026\/04\/ruina-01.png 1024w, https:\/\/lendas.pl\/wp-content\/uploads\/2026\/04\/ruina-01-200x300.png 200w, https:\/\/lendas.pl\/wp-content\/uploads\/2026\/04\/ruina-01-683x1024.png 683w, https:\/\/lendas.pl\/wp-content\/uploads\/2026\/04\/ruina-01-768x1152.png 768w\" sizes=\"auto, (max-width: 1024px) 100vw, 1024px\" \/><figcaption class=\"wp-element-caption\">To nie Obcy, to MY!<br>Mo\u017ce kiedy\u015b zwyci\u0119\u017cymy siebie\u2026 powoduj\u0105c wcze\u015bniej samozag\u0142ad\u0119!<\/figcaption><\/figure>\n\n\n\n<hr class=\"wp-block-separator has-alpha-channel-opacity\"\/>\n\n\n\n<h2 class=\"wp-block-heading\">Pod kopu\u0142\u0105 planetarium<\/h2>\n\n\n\n<p>Po seansie, pod kopu\u0142\u0105 byli jak przewa\u017cnie: Ida Lewicka, dr Lena Ratajczak, Tom Felix oraz profesor Miko\u0142aj Kasperski. Na sklepieniu zosta\u0142a te\u017c nasza gwiazda \u2014 S\u0142o\u0144ce.<br>Ma\u0142e.<br>\u017b\u00f3\u0142te.<br>Samotne.<br><strong>A wok\u00f3\u0142 niego \u2014 nic<\/strong>. <br>Nie by\u0142o ju\u017c najbli\u017cszych gwiazd. Nie by\u0142o cienkich linii szlak\u00f3w. Nie by\u0142o oznacze\u0144 s\u0105siedztwa. Nie by\u0142o przycisku &#8222;dalej\u201d. <br>By\u0142a tylko cisza i pustka.<\/p>\n\n\n\n<p>Ida p\u00f3\u0142\u017cartem przerwa\u0142a cisz\u0119 \u2014 To awaria?<br>Nikt nie odpowiedzia\u0142, bo czasem cz\u0142owiek milknie nie dlatego, <br>\u017ce nie zna odpowiedzi. Tylko dlatego, \u017ce j\u0105 zna&#8230; <br>Nie wiadomo\u015b\u0107. Nie zaproszenie. Nie ostrze\u017cenie. <br><strong>Ale zna ju\u017c ocen\u0119 Nas, Ciebie, mnie&#8230; Ziemian<\/strong>!<\/p>\n\n\n\n<p>Na bocznym monitorze widnia\u0142 syntetyczny przek\u0142ad oceny Obcych. Suchy. Precyzyjny. Jakby kto\u015b nie opisywa\u0142 losu \u015bwiata, tylko stan techniczny wadliwego urz\u0105dzenia.<\/p>\n\n\n\n<blockquote class=\"wp-block-quote is-layout-flow wp-block-quote-is-layout-flow\">\n<p><strong>Druga Inspekcja Bezpiecze\u0144stwa Wszech\u015bwiata<\/strong>.<br><br>Obiekt inspekcji: <strong>Uk\u0142ad S\u0142oneczny<\/strong>.<br>Planeta dominuj\u0105ca biologicznie: <strong>Ziemia<\/strong>.<br>Status populacji rozumnej: <strong>rozw\u00f3j technologiczny potwierdzony<\/strong>.<br>Ocena ko\u0144cowa: <strong>negatywna<\/strong>.<br>Decyzja: <strong>wdro\u017cenie lokalnej blokady ochronno-prewencyjnej<\/strong>.<\/p>\n\n\n\n<hr class=\"wp-block-separator has-alpha-channel-opacity\"\/>\n<\/blockquote>\n\n\n\n<h2 class=\"wp-block-heading\">Druga inspekcja<\/h2>\n\n\n\n<p>Pierwsza inspekcja Ziemi, przeprowadzona przed wiekami, zako\u0144czy\u0142a si\u0119 jeszcze wzgl\u0119dn\u0105 pob\u0142a\u017cliwo\u015bci\u0105. Wtedy ludzko\u015b\u0107 by\u0142a dla nich jedynie lokalnym problemem biologii: gatunkiem agresywnym, gwa\u0142townym, wyniszczaj\u0105cym w\u0142asne \u015brodowisko, ale zamkni\u0119tym w granicach jednej planety. Gro\u017anym dla siebie. Dla innych jeszcze nie.<\/p>\n\n\n\n<p>Mi\u0119dzy pierwsz\u0105 a drug\u0105 inspekcj\u0105 wydarzy\u0142o si\u0119 co\u015b, co my nazywali\u015bmy post\u0119pem. Nauczyli\u015bmy si\u0119 wynosi\u0107 obiekty poza atmosfer\u0119. Nauczyli\u015bmy si\u0119 budowa\u0107 sta\u0142\u0105 obecno\u015b\u0107 techniczn\u0105 na orbicie. Nauczyli\u015bmy si\u0119 wysy\u0142a\u0107 sondy dalej. Nauczyli\u015bmy si\u0119 mierzy\u0107 trajektorie i odleg\u0142o\u015bci do gwiazd. R\u0119ka, kt\u00f3ra kiedy\u015b wbija\u0142a n\u00f3\u017c w s\u0105siada, zacz\u0119\u0142a budowa\u0107 rakiety. I w\u0142a\u015bnie wtedy, wed\u0142ug Obcych, przestali\u015bmy by\u0107 tylko lokalnym zagro\u017ceniem.<\/p>\n\n\n\n<p><strong>Wcze\u015bniej byli\u015bmy ha\u0142asem.<\/strong><br><strong>Teraz stali\u015bmy si\u0119 ryzykiem<\/strong>.<\/p>\n\n\n\n<hr class=\"wp-block-separator has-alpha-channel-opacity\"\/>\n\n\n\n<h2 class=\"wp-block-heading\">Raport Obcych<\/h2>\n\n\n\n<p>Raport nie pozostawia\u0142 w\u0105tpliwo\u015bci. Populacja planety Ziemia osi\u0105gn\u0119\u0142a poziom technologiczny umo\u017cliwiaj\u0105cy przysz\u0142\u0105 ekspansj\u0119 pozaplanetarn\u0105, ale nie wykszta\u0142ci\u0142a adekwatnych mechanizm\u00f3w autokontroli agresywno\u015bci. W badaniu por\u00f3wnawczym z innymi populacjami rozumnymi Wszech\u015bwiata Obcy stwierdzili trwa\u0142\u0105 wad\u0119 systemow\u0105. Tak nas ocenili! Nie nazwali nas:<\/p>\n\n\n\n<p>Nie potworami.<br>Nie demonami.<br>Nie przekle\u0144stwem kosmosu.<br>To by\u0142oby dla nas zbyt wygodne.<br><strong>Nazwano nas wad\u0105 systemow\u0105<\/strong>. <br><br>Gatunkiem, kt\u00f3ry rozwija narz\u0119dzia szybciej ni\u017c sumienie. <br>Gatunkiem, kt\u00f3rego rozum nie nad\u0105\u017ca za ambicj\u0105. <br>Gatunkiem, kt\u00f3ry potrafi dotkn\u0105\u0107 nieba, <br>ale nie potrafi przesta\u0107 dusi\u0107 w\u0142asnego bli\u017aniego.<br><strong>Trwa\u0142a wada systemowa<\/strong>. <br>Nie brak inteligencji okaza\u0142 si\u0119 problemem. Problemem okaza\u0142a si\u0119 inteligencja bez hamulca. Bo c\u00f3\u017c z tego, \u017ce ludzko\u015b\u0107 potrafi mierzy\u0107 ruch planet, skoro od tysi\u0105cleci nie umie zatrzyma\u0107 w\u0142asnej przemocy? C\u00f3\u017c z tego, \u017ce umiemy rozszczepi\u0107 atom, skoro nie umiemy rozbroi\u0107 nienawi\u015bci? C\u00f3\u017c z tego, \u017ce wysy\u0142amy sygna\u0142y w kosmos, skoro na Ziemi wci\u0105\u017c tak \u0142atwo zag\u0142usza si\u0119 prawd\u0119 krzykiem, interesem, strachem i k\u0142amstwem?<\/p>\n\n\n\n<hr class=\"wp-block-separator has-alpha-channel-opacity\"\/>\n\n\n\n<h2 class=\"wp-block-heading\">Nie wyrok \u2014 kwarantanna<\/h2>\n\n\n\n<p>I dlatego zapad\u0142a decyzja. Nie o wojnie. To by\u0142oby zbyt ludzkie. <br>Nie o zag\u0142adzie. To by\u0142oby zbyt proste. <br>Obcy wybrali co\u015b znacznie bardziej upokarzaj\u0105cego:<br>Blokad\u0119.<\/p>\n\n\n\n<p><strong>BLOKAD\u0118!<\/strong><\/p>\n\n\n\n<p>W ramach dzia\u0142ania ochronno-prewencyjnego zastosowano lokalne zakrzywienie czasoprzestrzeni wok\u00f3\u0142 Uk\u0142adu S\u0142onecznego. Pusty pas wok\u00f3\u0142 naszego uk\u0142adu zosta\u0142 efektywnie zwi\u0119kszony stukrotnie. Z oko\u0142o <strong>4,25 roku \u015bwietlnego<\/strong> do <strong>425 lat \u015bwietlnych<\/strong>. Nie zrobili tego:<\/p>\n\n\n\n<p>Przez przesuni\u0119cie gwiazd.<br>Przez zniszczenie przestrzeni.<br>Lecz przez zmian\u0119 samej drogi.<\/p>\n\n\n\n<p>Niebo pozostanie takie samo. Ale dost\u0119p do niego przestanie znaczy\u0107 to, co znaczy\u0142 dot\u0105d. Gwiazdy nadal b\u0119d\u0105 \u015bwieci\u0107. Tyle \u017ce ju\u017c nie dla nas.<br><br><strong>To nie kara. To kwarantanna<\/strong>.<\/p>\n\n\n\n<p>Uk\u0142ad S\u0142oneczny zosta\u0142 odgrodzony od reszty jako strefa ochronna. Bufor bezpiecze\u0144stwa dla innych cywilizacji. Kosmiczna wyspa izolacyjna. Wystarczaj\u0105co szczelna, by zahamowa\u0107 nasz\u0105 ewentualn\u0105 przysz\u0142\u0105 ekspansj\u0119. Wystarczaj\u0105co d\u0142uga w skutkach, <br>by Wszech\u015bwiat nie musia\u0142 podejmowa\u0107 ryzyka. <br>Ryzyka zwi\u0105zanego z nami.<\/p>\n\n\n\n<p><strong>Ziemianami<\/strong>.<\/p>\n\n\n\n<h2 class=\"wp-block-heading\">Akt oskar\u017cenia<\/h2>\n\n\n\n<p>Najgro\u017aniejsze w raporcie by\u0142o jednak co\u015b jeszcze, sformu\u0142owanie o \u201ewadzie systemowej\u201d brzmi tak, jakby mo\u017cna by\u0142o nas uniewinni\u0107. Jakby mo\u017cna by\u0142o wzruszy\u0107 ramionami i powiedzie\u0107: to ewolucja, geny, instynkt, natura. Ale nie.<\/p>\n\n\n\n<p>To nie wystarczy. Bo nawet je\u015bli natura zostawi\u0142a w nas gniew, to nie natura uczyni\u0142a z niego ustroju. Je\u015bli ewolucja zostawi\u0142a w nas l\u0119k, to nie ewolucja przekszta\u0142ci\u0142a go w przemys\u0142 manipulacji. Je\u015bli odziedziczyli\u015bmy po przesz\u0142o\u015bci sk\u0142onno\u015b\u0107 do walki, to nie biologia nada\u0142a tej walce hymny, sztandary, bud\u017cety, ideologie i marketing.<\/p>\n\n\n\n<p>Nie chromosomy pisa\u0142y propagand\u0119.<br>Nie geny budowa\u0142y obozy.<br>Nie ewolucja projektowa\u0142a arsena\u0142y.<br>Nie natura podpisywa\u0142a rozkazy.<\/p>\n\n\n\n<p>To robili\u015bmy my.<br>My sami.<br>My, Ziemianie.<\/p>\n\n\n\n<p>Samo-destrukcji ludzko\u015bci nie mo\u017cna uczciwie zrzuci\u0107 na ewolucj\u0119. Natura mog\u0142a zostawi\u0107 nam cie\u0144 drapie\u017cnika. <br>Ale to cz\u0142owiek nauczy\u0142 si\u0119 zabija\u0107 z uzasadnieniem.<\/p>\n\n\n\n<p>Z pie\u015bni\u0105.<br>Z flag\u0105.<br>Z paragrafem.<br>Z wykresem.<br>Z kazaniem.<br>Z poczuciem moralnej wy\u017cszo\u015bci.<\/p>\n\n\n\n<p><strong>To jest nasza szczeg\u00f3lna ohyda<\/strong>. Nie sama przemoc, lecz zdolno\u015b\u0107 do moralnego pudrowania przemocy. Nie sama chciwo\u015b\u0107, lecz zdolno\u015b\u0107 do og\u0142aszania jej cnot\u0105. Nie samo k\u0142amstwo, lecz zdolno\u015b\u0107 do budowania z niego systemu.<\/p>\n\n\n\n<hr class=\"wp-block-separator has-alpha-channel-opacity\"\/>\n\n\n\n<h2 class=\"wp-block-heading\">Co z tego, \u017ce jeste\u015bmy rozumni!<\/h2>\n\n\n\n<p>Przez ca\u0142e wieki opowiadali\u015bmy o sobie jako o cywilizacji. Ale czym naprawd\u0119 jest nasza historia ogl\u0105dana bez dekoracji?!<\/p>\n\n\n\n<p>Silniejsi po\u017ceraj\u0105 s\u0142abszych.<br>Sprytniejsi wykorzystuj\u0105 mniej sprytnych.<br>Bogatsi wysysaj\u0105 biedniejszych.<br>Uzbrojeni zmuszaj\u0105 bezbronnych do milczenia.<br>Fanatycy morduj\u0105 w imi\u0119 idei.<br>Karierowicze handluj\u0105 prawd\u0105.<br>T\u0142um daje si\u0119 kupi\u0107 wygod\u0105, strachem i prostym k\u0142amstwem.<\/p>\n\n\n\n<p>Potem nazywamy to porz\u0105dkiem \u015bwiata. A kiedy kto\u015b z zewn\u0105trz patrzy na to ch\u0142odno i m\u00f3wi: \u201edosy\u0107\u201d \u2014 obra\u017camy si\u0119.<\/p>\n\n\n\n<p>Jak\u0105 trzeba mie\u0107 bezczelno\u015b\u0107 jako gatunek, by marzy\u0107 o innych \u015bwiatach, nie umiej\u0105c \u017cy\u0107 przyzwoicie na w\u0142asnym? Jak\u0105 trzeba mie\u0107 pych\u0119, by liczy\u0107 odleg\u0142o\u015bci do obcych s\u0142o\u0144c, a nie umie\u0107 policzy\u0107 w\u0142asnych ofiar? Jak bardzo trzeba by\u0107 moralnie zepsutym, by przy ka\u017cdym prze\u0142omie technologicznym najpierw pyta\u0107 nie: <br>\u201e<strong>komu to pomo\u017ce<\/strong>?\u201d, lecz: <br>\u201e<strong>kogo da si\u0119 tym podporz\u0105dkowa\u0107<\/strong>?\u201d.<\/p>\n\n\n\n<p>Ogie\u0144.<br>Metal.<br>Para.<br>Elektryczno\u015b\u0107.<br>Atom.<br>Algorytm.<br>Wszystko. Ka\u017cde wielkie narz\u0119dzie cz\u0142owiek najpierw przymierza\u0142 do dominacji&#8230; <\/p>\n\n\n\n<p><strong>Gwiazdy nadal b\u0119d\u0105 \u015bwieci\u0107&#8230; <br>Tyle \u017ce ju\u017c nie dla nas<\/strong>!<\/p>\n\n\n\n<hr class=\"wp-block-separator has-alpha-channel-opacity\"\/>\n\n\n\n<h2 class=\"wp-block-heading\">Prawda, od kt\u00f3rej nie ma ucieczki<\/h2>\n\n\n\n<p>Najbardziej boli to, \u017ce raport Obcych jest bezlitosny, ale nie niesprawiedliwy. Na niesprawiedliwo\u015b\u0107 mo\u017cna si\u0119 oburzy\u0107. Na prawd\u0119 \u2014 ju\u017c nie.  Dlatego blokada nie jest aktem nienawi\u015bci&#8230;<\/p>\n\n\n\n<p><strong>Jest diagnoz\u0105<\/strong>.<\/p>\n\n\n\n<p>Wszech\u015bwiat nie zamkn\u0105\u0142 drzwi przed niewinnymi. Wszech\u015bwiat odsun\u0105\u0142 tych, kt\u00f3rzy nie umieli i nie umiej\u0105 przesta\u0107 krzywdzi\u0107, <br><strong>a w\u0142a\u015bnie nauczyli si\u0119 si\u0119ga\u0107 dalej<\/strong>.<\/p>\n\n\n\n<p><strong>Wszech\u015bwiat\u2026 jest nie dla nas.<br>Cywilizacja\u2026 to nie my.<\/strong><\/p>\n\n\n\n<p>A potem przychodzi jeszcze trzecie zdanie.<br>Najci\u0119\u017csze.<br>Takie, kt\u00f3rego nie wypowiedzia\u0142 \u017caden Obcy.<br>Takie, kt\u00f3re cz\u0142owiek musi w ko\u0144cu wypowiedzie\u0107 sam do siebie.<\/p>\n\n\n\n<p>Nie zginiemy dlatego, \u017ce ewolucja pope\u0142ni\u0142a b\u0142\u0105d.<br>Nie zginiemy dlatego, \u017ce Obcy byli okrutni.<br>Nie zginiemy dlatego, \u017ce los okaza\u0142 si\u0119 niesprawiedliwy.<\/p>\n\n\n\n<p><strong>Pozabijamy si\u0119 sami&#8230;<br>Na w\u0142asne \u017cyczenie<\/strong>!<\/p>\n\n\n\n<div class=\"wp-block-buttons is-layout-flex wp-block-buttons-is-layout-flex\">\n<div class=\"wp-block-button\"><a class=\"wp-block-button__link wp-element-button\">Poprzedni epizod<\/a><\/div>\n\n\n\n<div class=\"wp-block-button\"><a class=\"wp-block-button__link wp-element-button\">Pocz\u0105tek eseju<\/a><\/div>\n<\/div>\n\n\n\n<p><\/p>\n","protected":false},"excerpt":{"rendered":"<p>Fina\u0142owy epizod eseju \u201eObcy wr\u00f3cili i\u2026\u201d Podsumowanie drugiej inspekcji Obcych. Epizod przybli\u017ca za\u0142o\u017cenie blokady na nasz Uk\u0142adu S\u0142oneczny. Sta\u0142o si\u0119 to skutkiem dzia\u0142ania Obcych. W Ich ocenie, najmniej drastycznego. Blokada to \u015brodek bezpiecze\u0144stwa chroni\u0105cy Obcych przed zagro\u017ceniem ze strony gatunku z Ziemi. Pod kopu\u0142\u0105 planetarium Po seansie, pod kopu\u0142\u0105 byli jak przewa\u017cnie: Ida Lewicka, dr [&hellip;]<\/p>\n","protected":false},"author":1,"featured_media":0,"parent":0,"menu_order":2,"comment_status":"closed","ping_status":"closed","template":"page-with-title","meta":{"footnotes":""},"class_list":["post-445","page","type-page","status-publish","hentry"],"_links":{"self":[{"href":"https:\/\/lendas.pl\/index.php\/wp-json\/wp\/v2\/pages\/445","targetHints":{"allow":["GET"]}}],"collection":[{"href":"https:\/\/lendas.pl\/index.php\/wp-json\/wp\/v2\/pages"}],"about":[{"href":"https:\/\/lendas.pl\/index.php\/wp-json\/wp\/v2\/types\/page"}],"author":[{"embeddable":true,"href":"https:\/\/lendas.pl\/index.php\/wp-json\/wp\/v2\/users\/1"}],"replies":[{"embeddable":true,"href":"https:\/\/lendas.pl\/index.php\/wp-json\/wp\/v2\/comments?post=445"}],"version-history":[{"count":63,"href":"https:\/\/lendas.pl\/index.php\/wp-json\/wp\/v2\/pages\/445\/revisions"}],"predecessor-version":[{"id":572,"href":"https:\/\/lendas.pl\/index.php\/wp-json\/wp\/v2\/pages\/445\/revisions\/572"}],"wp:attachment":[{"href":"https:\/\/lendas.pl\/index.php\/wp-json\/wp\/v2\/media?parent=445"}],"curies":[{"name":"wp","href":"https:\/\/api.w.org\/{rel}","templated":true}]}}